{"id":5232,"date":"2016-01-23T08:55:26","date_gmt":"2016-01-23T08:55:26","guid":{"rendered":"http:\/\/www.mueller-uebersetzungen.com\/kontakt\/"},"modified":"2022-06-06T12:59:30","modified_gmt":"2022-06-06T12:59:30","slug":"contact","status":"publish","type":"page","link":"https:\/\/www.mueller-uebersetzungen.com\/nl\/contact\/","title":{"rendered":"Contact"},"content":{"rendered":"<p>[vc_row width=&#8221;no_margin&#8221; p_top=&#8221;0&#8243; p_bottom=&#8221;0&#8243; m_top=&#8221;0&#8243; m_bottom=&#8221;0&#8243; css=&#8221;.vc_custom_1488792949640{background-image: url(http:\/\/www.mueller-uebersetzungen.com\/wp-content\/uploads\/2016\/07\/kup4.jpg?id=4964) !important;background-position: center !important;background-repeat: no-repeat !important;background-size: cover !important;}&#8221;]\n\t<div class=\"vc_col-sm-12 vc_col-md-4 wpb_column  wow animated fadeInLeft vc_custom_1461324876491\"  data-wow-delay=\"800ms\" data-wow-iteration=\"1\" >\n\t\t<div class=\"wpb_wrapper\">\n\t\t\t[vc_single_image image=&#8221;4572&#8243; img_size=&#8221;full&#8221; alignment=&#8221;center&#8221;][vc_empty_space][vc_separator color=&#8221;#e5e5e5&#8243;][vc_column_text c_id=&#8221;.vc_1559833827455&#8243; h1_css=&#8221;font-weight:700;font-size:15px;text-transform:uppercase;&#8221; h4_css=&#8221;font-weight:300;color:#999999;font-size:20px;line-height:32px;&#8221; css=&#8221;.vc_custom_1559833827455{padding-bottom: 10px !important;}&#8221;]<\/p>\n<h1 class=\"title-heading\" style=\"letter-spacing: 2px; text-align: left;\">CONTACTGEGEVENS<\/h1>\n<p>[\/vc_column_text][vc_column_text c_id=&#8221;.vc_1654520364747&#8243; h3_css=&#8221;font-weight:400;font-size:24px;&#8221; h5_css=&#8221;font-weight:600;font-size:16px;margin-bottom:15px;&#8221;]<\/p>\n<p>Telefoon: ++49-(0)6861 9122550<br \/>\nMobiele telefoon: ++49-(0)177 4635613<br \/>\nFax: ++49-(0)321 21243269<br \/>\nE-mail: <a href=\"mailto:info@mueller-uebersetzungen.com\" target=\"_blank\" rel=\"noopener noreferrer\">info@mueller-uebersetzungen.com<\/a><\/p>\n<p>Adres:<br \/>\nSchillerstra\u00dfe 11<br \/>\n66663 Merzig<br \/>\nDuitsland<br \/>\nBtw-nummer: DE269707158<\/p>\n<p class=\"p1\"><span class=\"s1\">Beroepsaansprakelijkheidsverzekering bij R+V Allgemeine Versicherung AG in Wiesbaden. Polisdekking: Europa en Turkije<\/span><\/p>\n<p>[\/vc_column_text]\n\t\t<\/div> <!-- END .wpb_wrapper -->\n\t<\/div> <!-- END  wpb_column  wow animated fadeInLeft -->\n\n\t<div class=\"vc_col-sm-12 vc_col-md-8 wpb_column  wow animated fadeIn vc_custom_1461324890297\"  data-wow-delay=\"1200ms\" data-wow-iteration=\"1\" >\n\t\t<div class=\"wpb_wrapper\">\n\t\t\t[vc_column_text c_id=&#8221;.vc_1559833921208&#8243; h3_css=&#8221;color:#292d33;line-height:46px;&#8221; h6_css=&#8221;color:#292d33;&#8221; p_css=&#8221;color:#6d747f;&#8221; link_css=&#8221;font-weight:700;font-size:13px;&#8221;]<\/p>\n<header class=\"section-title\">\n<h6 class=\"color-blue\">CONTACT<\/h6>\n<h3>Neem voor meer informatie of een vrijblijvende offerte contact met me op.<\/h3>\n<p>Wat kan ik voor u betekenen? Of u nu een diploma, een zakelijk contract of een productblad wilt laten vertalen: ik hoor graag meer over wat u nodig hebt.<\/p>\n<p>Vul het contactformulier hieronder in of stuur me een korte <a href=\"mailto:info@mueller-uebersetzungen.com\">e-mail<\/a>. U ontvangt een vrijblijvende offerte, compleet met een levertermijn en eventueel nog andere informatie. Ik laat zo snel mogelijk, maar in ieder geval altijd binnen een werkdag van me horen.<\/p>\n<p>Als u via het contactformulier informatie verstuurt, geeft u aan dat u ermee akkoord gaat dat ik uw gegevens gebruik om uw aanvraag te verwerken.<\/p>\n<\/header>\n<p>[\/vc_column_text][vc_column_text c_id=&#8221;.vc_1559834065988&#8243;]\n<div class=\"wpcf7 no-js\" id=\"wpcf7-f5262-o1\" lang=\"en-US\" dir=\"ltr\" data-wpcf7-id=\"5262\">\n<div class=\"screen-reader-response\"><p role=\"status\" aria-live=\"polite\" aria-atomic=\"true\"><\/p> <ul><\/ul><\/div>\n<form action=\"\/nl\/wp-json\/wp\/v2\/pages\/5232#wpcf7-f5262-o1\" method=\"post\" class=\"wpcf7-form init\" aria-label=\"Contact form\" novalidate=\"novalidate\" data-status=\"init\">\n<div style=\"display: none;\">\n<input type=\"hidden\" name=\"_wpcf7\" value=\"5262\" \/>\n<input type=\"hidden\" name=\"_wpcf7_version\" value=\"6.0.2\" \/>\n<input type=\"hidden\" name=\"_wpcf7_locale\" value=\"en_US\" \/>\n<input type=\"hidden\" name=\"_wpcf7_unit_tag\" value=\"wpcf7-f5262-o1\" \/>\n<input type=\"hidden\" name=\"_wpcf7_container_post\" value=\"0\" \/>\n<input type=\"hidden\" name=\"_wpcf7_posted_data_hash\" value=\"\" \/>\n<input type=\"hidden\" name=\"_wpcf7_recaptcha_response\" value=\"\" \/>\n<\/div>\n<p> Uw naam (verplicht)\n<\/p>\n<p><span class=\"wpcf7-form-control-wrap\" data-name=\"your-name\"><input size=\"40\" maxlength=\"400\" class=\"wpcf7-form-control wpcf7-text wpcf7-validates-as-required\" aria-required=\"true\" aria-invalid=\"false\" value=\"\" type=\"text\" name=\"your-name\" \/><\/span>\n<\/p>\n<p>Uw e-mailadres (verplicht)\n<\/p>\n<p><span class=\"wpcf7-form-control-wrap\" data-name=\"your-email\"><input size=\"40\" maxlength=\"400\" class=\"wpcf7-form-control wpcf7-email wpcf7-validates-as-required wpcf7-text wpcf7-validates-as-email\" aria-required=\"true\" aria-invalid=\"false\" value=\"\" type=\"email\" name=\"your-email\" \/><\/span>\n<\/p>\n<p>Uw telefoonnummer\n<\/p>\n<p><span class=\"wpcf7-form-control-wrap\" data-name=\"tel-79\"><input size=\"40\" maxlength=\"400\" class=\"wpcf7-form-control wpcf7-tel wpcf7-text wpcf7-validates-as-tel\" aria-invalid=\"false\" value=\"\" type=\"tel\" name=\"tel-79\" \/><\/span>\n<\/p>\n<p>Bron- en doeltaal\n<\/p>\n<p><span class=\"wpcf7-form-control-wrap\" data-name=\"Ausgangs-undZielsprache\"><input size=\"40\" maxlength=\"400\" class=\"wpcf7-form-control wpcf7-text\" aria-invalid=\"false\" value=\"\" type=\"text\" name=\"Ausgangs-undZielsprache\" \/><\/span>\n<\/p>\n<p> Doel van de vertaling\n<\/p>\n<p><span class=\"wpcf7-form-control-wrap\" data-name=\"Ausgangs-undZielsprache\"><input size=\"40\" maxlength=\"400\" class=\"wpcf7-form-control wpcf7-text\" aria-invalid=\"false\" value=\"\" type=\"text\" name=\"Ausgangs-undZielsprache\" \/><\/span>\n<\/p>\n<p>Gewenste levertermijn\n<\/p>\n<p><span class=\"wpcf7-form-control-wrap\" data-name=\"GewnschterLiefertermin\"><input size=\"40\" maxlength=\"400\" class=\"wpcf7-form-control wpcf7-text\" aria-invalid=\"false\" value=\"\" type=\"text\" name=\"GewnschterLiefertermin\" \/><\/span>\n<\/p>\n<p>Uw bericht\n<\/p>\n<p><span class=\"wpcf7-form-control-wrap\" data-name=\"your-message\"><textarea cols=\"40\" rows=\"10\" maxlength=\"2000\" class=\"wpcf7-form-control wpcf7-textarea\" aria-invalid=\"false\" name=\"your-message\"><\/textarea><\/span>\n<\/p>\n<p>Uw document\n<\/p>\n<p><span class=\"wpcf7-form-control-wrap\" data-name=\"mfile-40\"><input size=\"40\" class=\"wpcf7-form-control wpcf7-drag-n-drop-file d-none\" aria-invalid=\"false\" type=\"file\" multiple=\"multiple\" data-name=\"mfile-40\" data-type=\"jpeg|png|pdf|odt|doc|docx\" data-limit=\"10485760\" data-min=\"1\" data-max=\"10\" data-id=\"5262\" data-version=\"free version 1.3.8.5\" accept=\".jpeg, .png, .pdf, .odt, .doc, .docx\" \/><\/span>\n<\/p>\n\n<p><input class=\"wpcf7-form-control wpcf7-submit has-spinner\" type=\"submit\" value=\"VERSTUREN\" \/>\n<\/p><div class=\"wpcf7-response-output\" aria-hidden=\"true\"><\/div>\n<\/form>\n<\/div>\n[\/vc_column_text]\n\t\t<\/div> <!-- END .wpb_wrapper -->\n\t<\/div> <!-- END  wpb_column  wow animated fadeIn -->\n[\/vc_row]<\/p>\n","protected":false},"excerpt":{"rendered":"<p>[vc_row width=&#8221;no_margin&#8221; p_top=&#8221;0&#8243; p_bottom=&#8221;0&#8243; m_top=&#8221;0&#8243; m_bottom=&#8221;0&#8243; css=&#8221;.vc_custom_1488792949640{background-image: url(http:\/\/www.mueller-uebersetzungen.com\/wp-content\/uploads\/2016\/07\/kup4.jpg?id=4964) !important;background-position: center !important;background-repeat: no-repeat !important;background-size: cover !important;}&#8221;][\/vc_row]<\/p>\n","protected":false},"author":1,"featured_media":0,"parent":0,"menu_order":0,"comment_status":"closed","ping_status":"closed","template":"","meta":{"footnotes":""},"class_list":["post-5232","page","type-page","status-publish","hentry"],"yoast_head":"<!-- This site is optimized with the Yoast SEO plugin v24.1 - https:\/\/yoast.com\/wordpress\/plugins\/seo\/ -->\n<title>Beglaubigte \u00dcbersetzungen in Nordbayern<\/title>\n<meta name=\"description\" content=\"Beglaubigte \u00dcbersetzungen in Nordbayern aus dem Niederl\u00e4ndischen und Russischen ins Deutsche und umgekehrt von Urkunden, Ausweisen, Diplomen, Zeugnissen etc.\" \/>\n<meta name=\"robots\" content=\"index, follow, max-snippet:-1, max-image-preview:large, max-video-preview:-1\" \/>\n<link rel=\"canonical\" href=\"https:\/\/www.mueller-uebersetzungen.com\/nl\/contact\/\" \/>\n<meta property=\"og:locale\" content=\"nl_NL\" \/>\n<meta property=\"og:type\" content=\"article\" \/>\n<meta property=\"og:title\" content=\"Beglaubigte \u00dcbersetzungen in Nordbayern\" \/>\n<meta property=\"og:description\" content=\"Beglaubigte \u00dcbersetzungen in Nordbayern aus dem Niederl\u00e4ndischen und Russischen ins Deutsche und umgekehrt von Urkunden, Ausweisen, Diplomen, Zeugnissen etc.\" \/>\n<meta property=\"og:url\" content=\"https:\/\/www.mueller-uebersetzungen.com\/nl\/contact\/\" \/>\n<meta property=\"og:site_name\" content=\"Johannes Mueller\" \/>\n<meta property=\"article:modified_time\" content=\"2022-06-06T12:59:30+00:00\" \/>\n<meta name=\"twitter:card\" content=\"summary_large_image\" \/>\n<meta name=\"twitter:label1\" content=\"Geschatte leestijd\" \/>\n\t<meta name=\"twitter:data1\" content=\"2 minuten\" \/>\n<script type=\"application\/ld+json\" class=\"yoast-schema-graph\">{\"@context\":\"https:\/\/schema.org\",\"@graph\":[{\"@type\":\"WebPage\",\"@id\":\"https:\/\/www.mueller-uebersetzungen.com\/nl\/contact\/\",\"url\":\"https:\/\/www.mueller-uebersetzungen.com\/nl\/contact\/\",\"name\":\"Beglaubigte \u00dcbersetzungen in Nordbayern\",\"isPartOf\":{\"@id\":\"https:\/\/www.mueller-uebersetzungen.com\/#website\"},\"datePublished\":\"2016-01-23T08:55:26+00:00\",\"dateModified\":\"2022-06-06T12:59:30+00:00\",\"description\":\"Beglaubigte \u00dcbersetzungen in Nordbayern aus dem Niederl\u00e4ndischen und Russischen ins Deutsche und umgekehrt von Urkunden, Ausweisen, Diplomen, Zeugnissen etc.\",\"breadcrumb\":{\"@id\":\"https:\/\/www.mueller-uebersetzungen.com\/nl\/contact\/#breadcrumb\"},\"inLanguage\":\"nl-NL\",\"potentialAction\":[{\"@type\":\"ReadAction\",\"target\":[\"https:\/\/www.mueller-uebersetzungen.com\/nl\/contact\/\"]}]},{\"@type\":\"BreadcrumbList\",\"@id\":\"https:\/\/www.mueller-uebersetzungen.com\/nl\/contact\/#breadcrumb\",\"itemListElement\":[{\"@type\":\"ListItem\",\"position\":1,\"name\":\"Home\",\"item\":\"https:\/\/www.mueller-uebersetzungen.com\/nl\/\"},{\"@type\":\"ListItem\",\"position\":2,\"name\":\"Contact\"}]},{\"@type\":\"WebSite\",\"@id\":\"https:\/\/www.mueller-uebersetzungen.com\/#website\",\"url\":\"https:\/\/www.mueller-uebersetzungen.com\/\",\"name\":\"Johannes Mueller\",\"description\":\"M\u00fcller \u00dcbersetzungen\",\"potentialAction\":[{\"@type\":\"SearchAction\",\"target\":{\"@type\":\"EntryPoint\",\"urlTemplate\":\"https:\/\/www.mueller-uebersetzungen.com\/?s={search_term_string}\"},\"query-input\":{\"@type\":\"PropertyValueSpecification\",\"valueRequired\":true,\"valueName\":\"search_term_string\"}}],\"inLanguage\":\"nl-NL\"}]}<\/script>\n<!-- \/ Yoast SEO plugin. -->","yoast_head_json":{"title":"Beglaubigte \u00dcbersetzungen in Nordbayern","description":"Beglaubigte \u00dcbersetzungen in Nordbayern aus dem Niederl\u00e4ndischen und Russischen ins Deutsche und umgekehrt von Urkunden, Ausweisen, Diplomen, Zeugnissen etc.","robots":{"index":"index","follow":"follow","max-snippet":"max-snippet:-1","max-image-preview":"max-image-preview:large","max-video-preview":"max-video-preview:-1"},"canonical":"https:\/\/www.mueller-uebersetzungen.com\/nl\/contact\/","og_locale":"nl_NL","og_type":"article","og_title":"Beglaubigte \u00dcbersetzungen in Nordbayern","og_description":"Beglaubigte \u00dcbersetzungen in Nordbayern aus dem Niederl\u00e4ndischen und Russischen ins Deutsche und umgekehrt von Urkunden, Ausweisen, Diplomen, Zeugnissen etc.","og_url":"https:\/\/www.mueller-uebersetzungen.com\/nl\/contact\/","og_site_name":"Johannes Mueller","article_modified_time":"2022-06-06T12:59:30+00:00","twitter_card":"summary_large_image","twitter_misc":{"Geschatte leestijd":"2 minuten"},"schema":{"@context":"https:\/\/schema.org","@graph":[{"@type":"WebPage","@id":"https:\/\/www.mueller-uebersetzungen.com\/nl\/contact\/","url":"https:\/\/www.mueller-uebersetzungen.com\/nl\/contact\/","name":"Beglaubigte \u00dcbersetzungen in Nordbayern","isPartOf":{"@id":"https:\/\/www.mueller-uebersetzungen.com\/#website"},"datePublished":"2016-01-23T08:55:26+00:00","dateModified":"2022-06-06T12:59:30+00:00","description":"Beglaubigte \u00dcbersetzungen in Nordbayern aus dem Niederl\u00e4ndischen und Russischen ins Deutsche und umgekehrt von Urkunden, Ausweisen, Diplomen, Zeugnissen etc.","breadcrumb":{"@id":"https:\/\/www.mueller-uebersetzungen.com\/nl\/contact\/#breadcrumb"},"inLanguage":"nl-NL","potentialAction":[{"@type":"ReadAction","target":["https:\/\/www.mueller-uebersetzungen.com\/nl\/contact\/"]}]},{"@type":"BreadcrumbList","@id":"https:\/\/www.mueller-uebersetzungen.com\/nl\/contact\/#breadcrumb","itemListElement":[{"@type":"ListItem","position":1,"name":"Home","item":"https:\/\/www.mueller-uebersetzungen.com\/nl\/"},{"@type":"ListItem","position":2,"name":"Contact"}]},{"@type":"WebSite","@id":"https:\/\/www.mueller-uebersetzungen.com\/#website","url":"https:\/\/www.mueller-uebersetzungen.com\/","name":"Johannes Mueller","description":"M\u00fcller \u00dcbersetzungen","potentialAction":[{"@type":"SearchAction","target":{"@type":"EntryPoint","urlTemplate":"https:\/\/www.mueller-uebersetzungen.com\/?s={search_term_string}"},"query-input":{"@type":"PropertyValueSpecification","valueRequired":true,"valueName":"search_term_string"}}],"inLanguage":"nl-NL"}]}},"_links":{"self":[{"href":"https:\/\/www.mueller-uebersetzungen.com\/nl\/wp-json\/wp\/v2\/pages\/5232","targetHints":{"allow":["GET"]}}],"collection":[{"href":"https:\/\/www.mueller-uebersetzungen.com\/nl\/wp-json\/wp\/v2\/pages"}],"about":[{"href":"https:\/\/www.mueller-uebersetzungen.com\/nl\/wp-json\/wp\/v2\/types\/page"}],"author":[{"embeddable":true,"href":"https:\/\/www.mueller-uebersetzungen.com\/nl\/wp-json\/wp\/v2\/users\/1"}],"replies":[{"embeddable":true,"href":"https:\/\/www.mueller-uebersetzungen.com\/nl\/wp-json\/wp\/v2\/comments?post=5232"}],"version-history":[{"count":8,"href":"https:\/\/www.mueller-uebersetzungen.com\/nl\/wp-json\/wp\/v2\/pages\/5232\/revisions"}],"predecessor-version":[{"id":5373,"href":"https:\/\/www.mueller-uebersetzungen.com\/nl\/wp-json\/wp\/v2\/pages\/5232\/revisions\/5373"}],"wp:attachment":[{"href":"https:\/\/www.mueller-uebersetzungen.com\/nl\/wp-json\/wp\/v2\/media?parent=5232"}],"curies":[{"name":"wp","href":"https:\/\/api.w.org\/{rel}","templated":true}]}}