{"id":5228,"date":"2016-07-05T13:17:26","date_gmt":"2016-07-05T13:17:26","guid":{"rendered":"http:\/\/www.mueller-uebersetzungen.com\/leistungen\/"},"modified":"2019-06-24T15:55:30","modified_gmt":"2019-06-24T15:55:30","slug":"diensten","status":"publish","type":"page","link":"https:\/\/www.mueller-uebersetzungen.com\/nl\/diensten\/","title":{"rendered":"Diensten"},"content":{"rendered":"<p>[vc_row width=&#8221;full&#8221; bg_type=&#8221;parallax&#8221; bg_image_url=&#8221;4968&#8243; p_speed=&#8221;0.7&#8243; p_top=&#8221;160&#8243; p_bottom=&#8221;60&#8243; m_top=&#8221;0&#8243; m_bottom=&#8221;0&#8243;]\n\t<div class=\"vc_col-sm-12 wpb_column \"  data-wow-delay=\"0ms\">\n\t\t<div class=\"wpb_wrapper\">\n\t\t\t[vc_column_text c_id=&#8221;.vc_1559832203806&#8243; h1_css=&#8221;font-weight:300;color:#ffffff;font-size:120px;margin-bottom:0px;padding-bottom:0px;&#8221; css=&#8221;.vc_custom_1559832203806{margin-bottom: 0px !important;border-bottom-width: 0px !important;padding-bottom: 0px !important;}&#8221;]<\/p>\n<h1 style=\"text-align: center;\">Diensten<\/h1>\n<p>[\/vc_column_text][vc_column_text c_id=&#8221;.vc_1561391371443&#8243; h3_css=&#8221;color:#fff;line-height:46px;&#8221; h6_css=&#8221;color:#fff;&#8221; p_css=&#8221;color:#b2b2b2;font-size:19px;line-height:30px;margin-top:0px;padding-top:0px;&#8221; link_css=&#8221;font-weight:700;font-size:13px;&#8221;]<\/p>\n<p style=\"text-align: center;\">Nederlandse, Duitse en Russische vertalingen waarbij ieder woord precies klopt<\/p>\n<p>[\/vc_column_text][vc_empty_space height=&#8221;15&#8243;][vc_empty_space height=&#8221;10&#8243;][vc_single_image image=&#8221;3601&#8243; img_size=&#8221;full&#8221; alignment=&#8221;center&#8221;]\n\t\t<\/div> <!-- END .wpb_wrapper -->\n\t<\/div> <!-- END  wpb_column  -->\n[\/vc_row][vc_row full_width=&#8221;stretch_row&#8221; m_top=&#8221;0&#8243; m_bottom=&#8221;0&#8243; css=&#8221;.vc_custom_1467733385920{padding-top: 100px !important;padding-bottom: 100px !important;}&#8221;]\n\t<div class=\"vc_col-sm-12 wpb_column  wow animated fadeIn vc_custom_1461774411745\"  data-wow-delay=\"0ms\" data-wow-iteration=\"1\" >\n\t\t<div class=\"wpb_wrapper\">\n\t\t\t[ivan_content_box c_id=&#8221;.vc_1467732584776&#8243;][ivan_content_box_item animation=&#8221;fadeIn&#8221; animation_delay=&#8221;200&#8243; animation_iteration=&#8221;1&#8243; image=&#8221;http:\/\/www.mueller-uebersetzungen.com\/wp-content\/uploads\/2016\/03\/icn2.svg&#8221; title=&#8221;Precieze resultaten&#8221;]Uw vertaling wordt door een doorgewinterde, gediplomeerde vertaler verzorgd. Zo weet u zeker dat ieder woord precies klopt.[\/ivan_content_box_item][ivan_content_box_item animation_iteration=&#8221;1&#8243; image=&#8221;http:\/\/www.mueller-uebersetzungen.com\/wp-content\/uploads\/2016\/03\/icn4.svg&#8221; title=&#8221;Dubbele controle&#8221;]Uw vertaling wordt door een gekwalificeerde revisor nagekeken, zodat er geen enkel detail over het hoofd wordt gezien.[\/ivan_content_box_item][ivan_content_box_item animation_iteration=&#8221;1&#8243; image=&#8221;http:\/\/www.mueller-uebersetzungen.com\/wp-content\/uploads\/2016\/03\/icon1.svg&#8221; title=&#8221;Volledig vertrouwelijk&#8221;]Ik behandel uw documenten streng vertrouwelijk. Naast mij en mijn revisor krijgt niemand anders uw documenten te zien.[\/ivan_content_box_item][\/ivan_content_box]\n\t\t<\/div> <!-- END .wpb_wrapper -->\n\t<\/div> <!-- END  wpb_column  wow animated fadeIn -->\n[\/vc_row][vc_row width=&#8221;full&#8221; bg_type=&#8221;parallax&#8221; bg_image_url=&#8221;4966&#8243; p_top=&#8221;150&#8243; p_bottom=&#8221;150&#8243; m_top=&#8221;0&#8243; m_bottom=&#8221;0&#8243;]\n\t<div class=\"vc_col-sm-7 wpb_column \"  data-wow-delay=\"0ms\" data-wow-iteration=\"1\" >\n\t\t<div class=\"wpb_wrapper\">\n\t\t\t\n\t\t<\/div> <!-- END .wpb_wrapper -->\n\t<\/div> <!-- END  wpb_column  -->\n\n\t<div class=\"vc_col-sm-5 wpb_column \"  data-wow-delay=\"0ms\" data-wow-iteration=\"1\" >\n\t\t<div class=\"wpb_wrapper\">\n\t\t\t[vc_column_text c_id=&#8221;.vc_1561391482312&#8243; h3_css=&#8221;color:#fff;line-height:46px;&#8221; h6_css=&#8221;color:#fff;&#8221; p_css=&#8221;color:#6d747f;&#8221; link_css=&#8221;font-weight:700;font-size:13px;&#8221;]<\/p>\n<header class=\"section-title\">\n<h6 class=\"color-blue\">DIENSTEN<\/h6>\n<h3>Be\u00ebdigde vertalingen<\/h3>\n<p>vanuit het Nederlands en het Russisch naar het Duits<br \/>\nen vanuit het Duits naar het Nederlands en het Russisch<\/p>\n<p><a style=\"text-transform: uppercase;\" href=\"https:\/\/www.mueller-uebersetzungen.com\/nl\/diensten\/beedigde-vertalingen\/\"> MEER INFORMATIE <i class=\"fa fa-long-arrow-right\"><\/i><\/a><\/p>\n<\/header>\n<p>[\/vc_column_text]\n\t\t<\/div> <!-- END .wpb_wrapper -->\n\t<\/div> <!-- END  wpb_column  -->\n[\/vc_row][vc_row full_width=&#8221;stretch_row&#8221; width=&#8221;full&#8221; bg_type=&#8221;parallax&#8221; bg_image_url=&#8221;4960&#8243; p_top=&#8221;150&#8243; p_bottom=&#8221;150&#8243; m_top=&#8221;0&#8243; m_bottom=&#8221;0&#8243;]\n\t<div class=\"vc_col-sm-5 wpb_column \"  data-wow-delay=\"0ms\" data-wow-iteration=\"1\" >\n\t\t<div class=\"wpb_wrapper\">\n\t\t\t[vc_column_text c_id=&#8221;.vc_1561391497160&#8243; h3_css=&#8221;color:#292d33;line-height:46px;&#8221; h6_css=&#8221;color:#292d33;&#8221; p_css=&#8221;color:#6d747f;&#8221; link_css=&#8221;font-weight:700;font-size:13px;&#8221;]<\/p>\n<header class=\"section-title\">\n<h6 class=\"color-blue\">DIENSTEN<\/h6>\n<h3>Professionele financi\u00eble vertalingen<\/h3>\n<p>vanuit het Nederlands en het Russisch naar het Duits<br \/>\nen vanuit het Duits naar het Nederlands en het Russisch<\/p>\n<p><a style=\"text-transform: uppercase;\" href=\"https:\/\/www.mueller-uebersetzungen.com\/nl\/diensten\/professionele-financiele-vertalingen\/\"> MEER INFORMATIE <i class=\"fa fa-long-arrow-right\"><\/i><\/a><\/p>\n<\/header>\n<p>[\/vc_column_text]\n\t\t<\/div> <!-- END .wpb_wrapper -->\n\t<\/div> <!-- END  wpb_column  -->\n\n\t<div class=\"vc_col-sm-7 wpb_column \"  data-wow-delay=\"0ms\" data-wow-iteration=\"1\" >\n\t\t<div class=\"wpb_wrapper\">\n\t\t\t\n\t\t<\/div> <!-- END .wpb_wrapper -->\n\t<\/div> <!-- END  wpb_column  -->\n[\/vc_row][vc_row width=&#8221;full&#8221; bg_type=&#8221;parallax&#8221; bg_image_url=&#8221;4959&#8243; p_top=&#8221;150&#8243; p_bottom=&#8221;150&#8243; m_top=&#8221;0&#8243; m_bottom=&#8221;0&#8243;]\n\t<div class=\"vc_col-sm-7 wpb_column \"  data-wow-delay=\"0ms\" data-wow-iteration=\"1\" >\n\t\t<div class=\"wpb_wrapper\">\n\t\t\t\n\t\t<\/div> <!-- END .wpb_wrapper -->\n\t<\/div> <!-- END  wpb_column  -->\n\n\t<div class=\"vc_col-sm-5 wpb_column \"  data-wow-delay=\"0ms\" data-wow-iteration=\"1\" >\n\t\t<div class=\"wpb_wrapper\">\n\t\t\t[vc_column_text c_id=&#8221;.vc_1561391513240&#8243; h3_css=&#8221;color:#fff;line-height:46px;&#8221; h6_css=&#8221;color:#fff;&#8221; p_css=&#8221;color:#6d747f;&#8221; link_css=&#8221;font-weight:700;font-size:13px;&#8221;]<\/p>\n<header class=\"section-title\">\n<h6 class=\"color-blue\">DIENSTEN<\/h6>\n<h3>Professionele technische vertalingen<\/h3>\n<p>vanuit het Nederlands en het Russisch naar het Duits<br \/>\nen vanuit het Duits naar het Nederlands en het Russisch<\/p>\n<p><a style=\"text-transform: uppercase;\" href=\"https:\/\/www.mueller-uebersetzungen.com\/nl\/diensten\/professionele-technische-vertalingen\/\"> MEER INFORMATIE <i class=\"fa fa-long-arrow-right\"><\/i><\/a><\/p>\n<\/header>\n<p>[\/vc_column_text]\n\t\t<\/div> <!-- END .wpb_wrapper -->\n\t<\/div> <!-- END  wpb_column  -->\n[\/vc_row][vc_row width=&#8221;full&#8221; bg_type=&#8221;parallax&#8221; bg_image_url=&#8221;4962&#8243; p_top=&#8221;150&#8243; p_bottom=&#8221;150&#8243; m_top=&#8221;0&#8243; m_bottom=&#8221;0&#8243;]\n\t<div class=\"vc_col-sm-5 wpb_column \"  data-wow-delay=\"0ms\" data-wow-iteration=\"1\" >\n\t\t<div class=\"wpb_wrapper\">\n\t\t\t[vc_column_text c_id=&#8221;.vc_1561391525856&#8243; h3_css=&#8221;color:#292d33;line-height:46px;&#8221; h6_css=&#8221;color:#292d33;&#8221; p_css=&#8221;color:#6d747f;&#8221; link_css=&#8221;font-weight:700;font-size:13px;&#8221;]<\/p>\n<header class=\"section-title\">\n<h6 class=\"color-blue\">DIENSTEN<\/h6>\n<h3>Ondertiteling van films<\/h3>\n<p>vanuit het Nederlands en het Russisch naar het Duits<br \/>\nen vanuit het Duits naar het Nederlands en het Russisch<\/p>\n<p><a style=\"text-transform: uppercase;\" href=\"https:\/\/www.mueller-uebersetzungen.com\/nl\/diensten\/ondertiteling-van-films\/\"> MEER INFORMATIE <i class=\"fa fa-long-arrow-right\"><\/i><\/a><\/p>\n<\/header>\n<p>[\/vc_column_text]\n\t\t<\/div> <!-- END .wpb_wrapper -->\n\t<\/div> <!-- END  wpb_column  -->\n\n\t<div class=\"vc_col-sm-7 wpb_column \"  data-wow-delay=\"0ms\" data-wow-iteration=\"1\" >\n\t\t<div class=\"wpb_wrapper\">\n\t\t\t\n\t\t<\/div> <!-- END .wpb_wrapper -->\n\t<\/div> <!-- END  wpb_column  -->\n[\/vc_row][vc_row full_width=&#8221;stretch_row&#8221; width=&#8221;full&#8221; bt_width=&#8221;1&#8243; bt_color=&#8221;#e5e5e5&#8243; p_top=&#8221;100&#8243; p_bottom=&#8221;10&#8243; m_top=&#8221;0&#8243; m_bottom=&#8221;0&#8243;]\n\t<div class=\"vc_col-sm-2 wpb_column  wow animated fadeIn\"  data-wow-delay=\"300ms\" data-wow-iteration=\"1\" >\n\t\t<div class=\"wpb_wrapper\">\n\t\t\t\n\t\t<\/div> <!-- END .wpb_wrapper -->\n\t<\/div> <!-- END  wpb_column  wow animated fadeIn -->\n\n\t<div class=\"vc_col-sm-8 wpb_column \"  data-wow-delay=\"0ms\">\n\t\t<div class=\"wpb_wrapper\">\n\t\t\t[vc_column_text c_id=&#8221;.vc_1559833176092&#8243; h1_css=&#8221;font-weight:300;font-size:50px;line-height:60px;margin-bottom:30px;&#8221; h2_css=&#8221;font-weight:300;color:#808080;font-size:22px;line-height:32px;&#8221; h3_css=&#8221;font-weight:700;color:#1cbac8;font-size:14px;text-transform:uppercase;margin-top:10px;&#8221; p_css=&#8221;font-size:16px;margin-top:30px;&#8221;]<\/p>\n<h1 class=\"title-heading\" style=\"text-align: center;\">Wat heb ik van u nodig?<\/h1>\n<p>[\/vc_column_text][vc_row_inner]\n\t<div class=\"vc_col-sm-6 wpb_column \"  data-wow-delay=\"0ms\">\n\t\t<div class=\"wpb_wrapper\">\n\t\t\t[ivan_icon_box icon_style=&#8221;normal&#8221; icon_pos=&#8221;left&#8221; animation_iteration=&#8221;1&#8243; c_id=&#8221;.vc_1559833242687&#8243; icon_css=&#8221;color-hover:#225694;&#8221; ico=&#8221;fa fa-file-text-o&#8221;]<strong>Het te vertalen document.<\/strong><br \/>\nDat kunt u me per <a href=\"mailto:info@mueller-uebersetzungen.com\">e-mail<\/a> of via het contactformulier sturen.[\/ivan_icon_box]\n\t\t<\/div> <!-- END .wpb_wrapper -->\n\t<\/div> <!-- END  wpb_column  -->\n\n\t<div class=\"vc_col-sm-6 wpb_column \"  data-wow-delay=\"0ms\">\n\t\t<div class=\"wpb_wrapper\">\n\t\t\t[ivan_icon_box icon_style=&#8221;normal&#8221; icon_pos=&#8221;left&#8221; animation_iteration=&#8221;1&#8243; c_id=&#8221;.vc_1559833254820&#8243; icon_css=&#8221;color-hover:#225694;&#8221; ico=&#8221;fa fa-clipboard&#8221;]Een korte beschrijving van de gewenste taal, het doel van de vertaling en de gewenste levertermijn.[\/ivan_icon_box]\n\t\t<\/div> <!-- END .wpb_wrapper -->\n\t<\/div> <!-- END  wpb_column  -->\n[\/vc_row_inner]\n\t\t<\/div> <!-- END .wpb_wrapper -->\n\t<\/div> <!-- END  wpb_column  -->\n\n\t<div class=\"vc_col-sm-2 wpb_column \"  data-wow-delay=\"0ms\">\n\t\t<div class=\"wpb_wrapper\">\n\t\t\t\n\t\t<\/div> <!-- END .wpb_wrapper -->\n\t<\/div> <!-- END  wpb_column  -->\n[\/vc_row][vc_row width=&#8221;full&#8221; bt_width=&#8221;1&#8243; bt_color=&#8221;#e5e5e5&#8243; bg_type=&#8221;image&#8221; bg_color_row=&#8221;#f7f7f7&#8243; bg_image_url=&#8221;4964&#8243; p_top=&#8221;100&#8243; p_bottom=&#8221;110&#8243; m_top=&#8221;0&#8243; m_bottom=&#8221;0&#8243;]\n\t<div class=\"vc_col-sm-2 wpb_column  wow animated fadeIn\"  data-wow-delay=\"300ms\" data-wow-iteration=\"1\" >\n\t\t<div class=\"wpb_wrapper\">\n\t\t\t\n\t\t<\/div> <!-- END .wpb_wrapper -->\n\t<\/div> <!-- END  wpb_column  wow animated fadeIn -->\n\n\t<div class=\"vc_col-sm-8 wpb_column  wow animated fadeIn vc_custom_1454762132885\"  data-wow-delay=\"600ms\" data-wow-iteration=\"1\" >\n\t\t<div class=\"wpb_wrapper\">\n\t\t\t[vc_column_text c_id=&#8221;.vc_1559833270608&#8243; h1_css=&#8221;font-weight:300;font-size:50px;line-height:60px;margin-bottom:30px;&#8221; h2_css=&#8221;font-weight:300;color:#808080;font-size:22px;line-height:32px;&#8221; h3_css=&#8221;font-weight:700;color:#1cbac8;font-size:14px;text-transform:uppercase;margin-top:10px;&#8221; p_css=&#8221;font-size:16px;margin-top:30px;&#8221;]<\/p>\n<h1 class=\"title-heading\" style=\"text-align: center;\">Hebt u een groot vertaalproject?<\/h1>\n<p>[\/vc_column_text][ivan_icon_box icon_style=&#8221;normal&#8221; icon_pos=&#8221;left&#8221; animation_iteration=&#8221;1&#8243; c_id=&#8221;.vc_1559833300411&#8243; icon_css=&#8221;color-hover:#225694;&#8221; ico=&#8221;fa fa-copy&#8221;]Wilt u meerdere documenten laten vertalen of hebt u langdurig een vertaler nodig? Stuur me een <a href=\"mailto:info@mueller-uebersetzungen.com\">e-mail<\/a>, dan maken we een telefonische afspraak en stippelen we de ideale samenwerkingsstrategie uit.[\/ivan_icon_box]\n\t\t<\/div> <!-- END .wpb_wrapper -->\n\t<\/div> <!-- END  wpb_column  wow animated fadeIn -->\n\n\t<div class=\"vc_col-sm-2 wpb_column \"  data-wow-delay=\"0ms\">\n\t\t<div class=\"wpb_wrapper\">\n\t\t\t\n\t\t<\/div> <!-- END .wpb_wrapper -->\n\t<\/div> <!-- END  wpb_column  -->\n[\/vc_row][vc_row width=&#8221;full&#8221; bg_color_row=&#8221;#1d2226&#8243; p_top=&#8221;90&#8243; p_bottom=&#8221;90&#8243; m_top=&#8221;0&#8243; m_bottom=&#8221;0&#8243;]\n\t<div class=\"vc_col-sm-12 wpb_column  wow animated fadeInUp\"  data-wow-delay=\"0ms\" data-wow-iteration=\"1\" >\n\t\t<div class=\"wpb_wrapper\">\n\t\t\t[vc_column_text c_id=&#8221;.vc_1559833363245&#8243; h3_css=&#8221;color:#fff;line-height:46px;&#8221; h6_css=&#8221;color:#fff;&#8221; p_css=&#8221;color:#6d747f;&#8221; link_css=&#8221;font-weight:700;font-size:13px;&#8221;]<\/p>\n<header class=\"section-title\">\n<h3 style=\"text-align: center;\">Hebt u een vraag?<\/h3>\n<p style=\"text-align: center;\">Neem even een kijkje bij de veelgestelde vragen of stuur me een <a href=\"mailto:info@mueller-uebersetzungen.com\">e-mail<\/a>. Ik laat zo snel mogelijk van me horen.<\/p>\n<p style=\"text-align: center;\"><a style=\"text-transform: uppercase;\" href=\"https:\/\/www.mueller-uebersetzungen.com\/nl\/contact\/\">CONTACT <i class=\"fa fa-long-arrow-right\"><\/i><\/a><\/p>\n<\/header>\n<p>[\/vc_column_text]\n\t\t<\/div> <!-- END .wpb_wrapper -->\n\t<\/div> <!-- END  wpb_column  wow animated fadeInUp -->\n[\/vc_row]<\/p>\n","protected":false},"excerpt":{"rendered":"<p>[vc_row width=&#8221;full&#8221; bg_type=&#8221;parallax&#8221; bg_image_url=&#8221;4968&#8243; p_speed=&#8221;0.7&#8243; p_top=&#8221;160&#8243; p_bottom=&#8221;60&#8243; m_top=&#8221;0&#8243; m_bottom=&#8221;0&#8243;][\/vc_row][vc_row full_width=&#8221;stretch_row&#8221; m_top=&#8221;0&#8243; m_bottom=&#8221;0&#8243; css=&#8221;.vc_custom_1467733385920{padding-top: 100px !important;padding-bottom: 100px !important;}&#8221;][\/vc_row][vc_row width=&#8221;full&#8221; bg_type=&#8221;parallax&#8221; bg_image_url=&#8221;4966&#8243; p_top=&#8221;150&#8243; p_bottom=&#8221;150&#8243; m_top=&#8221;0&#8243; m_bottom=&#8221;0&#8243;][\/vc_row][vc_row full_width=&#8221;stretch_row&#8221; width=&#8221;full&#8221; bg_type=&#8221;parallax&#8221; bg_image_url=&#8221;4960&#8243; p_top=&#8221;150&#8243; p_bottom=&#8221;150&#8243; m_top=&#8221;0&#8243; m_bottom=&#8221;0&#8243;][\/vc_row][vc_row width=&#8221;full&#8221; bg_type=&#8221;parallax&#8221; bg_image_url=&#8221;4959&#8243; p_top=&#8221;150&#8243; p_bottom=&#8221;150&#8243; m_top=&#8221;0&#8243; m_bottom=&#8221;0&#8243;][\/vc_row][vc_row width=&#8221;full&#8221; bg_type=&#8221;parallax&#8221; bg_image_url=&#8221;4962&#8243; p_top=&#8221;150&#8243; p_bottom=&#8221;150&#8243; m_top=&#8221;0&#8243; m_bottom=&#8221;0&#8243;][\/vc_row][vc_row full_width=&#8221;stretch_row&#8221; width=&#8221;full&#8221; bt_width=&#8221;1&#8243; bt_color=&#8221;#e5e5e5&#8243; p_top=&#8221;100&#8243; p_bottom=&#8221;10&#8243; m_top=&#8221;0&#8243; m_bottom=&#8221;0&#8243;][\/vc_row][vc_row width=&#8221;full&#8221; [&hellip;]<\/p>\n","protected":false},"author":1,"featured_media":0,"parent":0,"menu_order":0,"comment_status":"closed","ping_status":"closed","template":"","meta":{"footnotes":""},"class_list":["post-5228","page","type-page","status-publish","hentry"],"yoast_head":"<!-- This site is optimized with the Yoast SEO plugin v24.1 - https:\/\/yoast.com\/wordpress\/plugins\/seo\/ -->\n<title>\u00dcbersetzungen Russisch-Deutsch-Russisch<\/title>\n<meta name=\"description\" content=\"Beglaubigte, wirtschaftliche und technische \u00dcbersetzungen aus dem Niederl\u00e4ndischen und Russischen ins Deutsche und umgekehrt vom beeidigten Diplom-\u00dcbersetzer.\" \/>\n<meta name=\"robots\" content=\"index, follow, max-snippet:-1, max-image-preview:large, max-video-preview:-1\" \/>\n<link rel=\"canonical\" href=\"https:\/\/www.mueller-uebersetzungen.com\/nl\/diensten\/\" \/>\n<meta property=\"og:locale\" content=\"nl_NL\" \/>\n<meta property=\"og:type\" content=\"article\" \/>\n<meta property=\"og:title\" content=\"\u00dcbersetzungen Russisch-Deutsch-Russisch\" \/>\n<meta property=\"og:description\" content=\"Beglaubigte, wirtschaftliche und technische \u00dcbersetzungen aus dem Niederl\u00e4ndischen und Russischen ins Deutsche und umgekehrt vom beeidigten Diplom-\u00dcbersetzer.\" \/>\n<meta property=\"og:url\" content=\"https:\/\/www.mueller-uebersetzungen.com\/nl\/diensten\/\" \/>\n<meta property=\"og:site_name\" content=\"Johannes Mueller\" \/>\n<meta property=\"article:modified_time\" content=\"2019-06-24T15:55:30+00:00\" \/>\n<meta name=\"twitter:card\" content=\"summary_large_image\" \/>\n<meta name=\"twitter:label1\" content=\"Geschatte leestijd\" \/>\n\t<meta name=\"twitter:data1\" content=\"5 minuten\" \/>\n<script type=\"application\/ld+json\" class=\"yoast-schema-graph\">{\"@context\":\"https:\/\/schema.org\",\"@graph\":[{\"@type\":\"WebPage\",\"@id\":\"https:\/\/www.mueller-uebersetzungen.com\/nl\/diensten\/\",\"url\":\"https:\/\/www.mueller-uebersetzungen.com\/nl\/diensten\/\",\"name\":\"\u00dcbersetzungen Russisch-Deutsch-Russisch\",\"isPartOf\":{\"@id\":\"https:\/\/www.mueller-uebersetzungen.com\/#website\"},\"datePublished\":\"2016-07-05T13:17:26+00:00\",\"dateModified\":\"2019-06-24T15:55:30+00:00\",\"description\":\"Beglaubigte, wirtschaftliche und technische \u00dcbersetzungen aus dem Niederl\u00e4ndischen und Russischen ins Deutsche und umgekehrt vom beeidigten Diplom-\u00dcbersetzer.\",\"breadcrumb\":{\"@id\":\"https:\/\/www.mueller-uebersetzungen.com\/nl\/diensten\/#breadcrumb\"},\"inLanguage\":\"nl-NL\",\"potentialAction\":[{\"@type\":\"ReadAction\",\"target\":[\"https:\/\/www.mueller-uebersetzungen.com\/nl\/diensten\/\"]}]},{\"@type\":\"BreadcrumbList\",\"@id\":\"https:\/\/www.mueller-uebersetzungen.com\/nl\/diensten\/#breadcrumb\",\"itemListElement\":[{\"@type\":\"ListItem\",\"position\":1,\"name\":\"Home\",\"item\":\"https:\/\/www.mueller-uebersetzungen.com\/nl\/\"},{\"@type\":\"ListItem\",\"position\":2,\"name\":\"Diensten\"}]},{\"@type\":\"WebSite\",\"@id\":\"https:\/\/www.mueller-uebersetzungen.com\/#website\",\"url\":\"https:\/\/www.mueller-uebersetzungen.com\/\",\"name\":\"Johannes Mueller\",\"description\":\"M\u00fcller \u00dcbersetzungen\",\"potentialAction\":[{\"@type\":\"SearchAction\",\"target\":{\"@type\":\"EntryPoint\",\"urlTemplate\":\"https:\/\/www.mueller-uebersetzungen.com\/?s={search_term_string}\"},\"query-input\":{\"@type\":\"PropertyValueSpecification\",\"valueRequired\":true,\"valueName\":\"search_term_string\"}}],\"inLanguage\":\"nl-NL\"}]}<\/script>\n<!-- \/ Yoast SEO plugin. -->","yoast_head_json":{"title":"\u00dcbersetzungen Russisch-Deutsch-Russisch","description":"Beglaubigte, wirtschaftliche und technische \u00dcbersetzungen aus dem Niederl\u00e4ndischen und Russischen ins Deutsche und umgekehrt vom beeidigten Diplom-\u00dcbersetzer.","robots":{"index":"index","follow":"follow","max-snippet":"max-snippet:-1","max-image-preview":"max-image-preview:large","max-video-preview":"max-video-preview:-1"},"canonical":"https:\/\/www.mueller-uebersetzungen.com\/nl\/diensten\/","og_locale":"nl_NL","og_type":"article","og_title":"\u00dcbersetzungen Russisch-Deutsch-Russisch","og_description":"Beglaubigte, wirtschaftliche und technische \u00dcbersetzungen aus dem Niederl\u00e4ndischen und Russischen ins Deutsche und umgekehrt vom beeidigten Diplom-\u00dcbersetzer.","og_url":"https:\/\/www.mueller-uebersetzungen.com\/nl\/diensten\/","og_site_name":"Johannes Mueller","article_modified_time":"2019-06-24T15:55:30+00:00","twitter_card":"summary_large_image","twitter_misc":{"Geschatte leestijd":"5 minuten"},"schema":{"@context":"https:\/\/schema.org","@graph":[{"@type":"WebPage","@id":"https:\/\/www.mueller-uebersetzungen.com\/nl\/diensten\/","url":"https:\/\/www.mueller-uebersetzungen.com\/nl\/diensten\/","name":"\u00dcbersetzungen Russisch-Deutsch-Russisch","isPartOf":{"@id":"https:\/\/www.mueller-uebersetzungen.com\/#website"},"datePublished":"2016-07-05T13:17:26+00:00","dateModified":"2019-06-24T15:55:30+00:00","description":"Beglaubigte, wirtschaftliche und technische \u00dcbersetzungen aus dem Niederl\u00e4ndischen und Russischen ins Deutsche und umgekehrt vom beeidigten Diplom-\u00dcbersetzer.","breadcrumb":{"@id":"https:\/\/www.mueller-uebersetzungen.com\/nl\/diensten\/#breadcrumb"},"inLanguage":"nl-NL","potentialAction":[{"@type":"ReadAction","target":["https:\/\/www.mueller-uebersetzungen.com\/nl\/diensten\/"]}]},{"@type":"BreadcrumbList","@id":"https:\/\/www.mueller-uebersetzungen.com\/nl\/diensten\/#breadcrumb","itemListElement":[{"@type":"ListItem","position":1,"name":"Home","item":"https:\/\/www.mueller-uebersetzungen.com\/nl\/"},{"@type":"ListItem","position":2,"name":"Diensten"}]},{"@type":"WebSite","@id":"https:\/\/www.mueller-uebersetzungen.com\/#website","url":"https:\/\/www.mueller-uebersetzungen.com\/","name":"Johannes Mueller","description":"M\u00fcller \u00dcbersetzungen","potentialAction":[{"@type":"SearchAction","target":{"@type":"EntryPoint","urlTemplate":"https:\/\/www.mueller-uebersetzungen.com\/?s={search_term_string}"},"query-input":{"@type":"PropertyValueSpecification","valueRequired":true,"valueName":"search_term_string"}}],"inLanguage":"nl-NL"}]}},"_links":{"self":[{"href":"https:\/\/www.mueller-uebersetzungen.com\/nl\/wp-json\/wp\/v2\/pages\/5228","targetHints":{"allow":["GET"]}}],"collection":[{"href":"https:\/\/www.mueller-uebersetzungen.com\/nl\/wp-json\/wp\/v2\/pages"}],"about":[{"href":"https:\/\/www.mueller-uebersetzungen.com\/nl\/wp-json\/wp\/v2\/types\/page"}],"author":[{"embeddable":true,"href":"https:\/\/www.mueller-uebersetzungen.com\/nl\/wp-json\/wp\/v2\/users\/1"}],"replies":[{"embeddable":true,"href":"https:\/\/www.mueller-uebersetzungen.com\/nl\/wp-json\/wp\/v2\/comments?post=5228"}],"version-history":[{"count":4,"href":"https:\/\/www.mueller-uebersetzungen.com\/nl\/wp-json\/wp\/v2\/pages\/5228\/revisions"}],"predecessor-version":[{"id":5278,"href":"https:\/\/www.mueller-uebersetzungen.com\/nl\/wp-json\/wp\/v2\/pages\/5228\/revisions\/5278"}],"wp:attachment":[{"href":"https:\/\/www.mueller-uebersetzungen.com\/nl\/wp-json\/wp\/v2\/media?parent=5228"}],"curies":[{"name":"wp","href":"https:\/\/api.w.org\/{rel}","templated":true}]}}