{"id":5226,"date":"2016-07-05T10:30:22","date_gmt":"2016-07-05T10:30:22","guid":{"rendered":"http:\/\/www.mueller-uebersetzungen.com\/profil\/"},"modified":"2025-01-03T12:31:16","modified_gmt":"2025-01-03T12:31:16","slug":"profiel","status":"publish","type":"page","link":"https:\/\/www.mueller-uebersetzungen.com\/nl\/profiel\/","title":{"rendered":"Profiel"},"content":{"rendered":"<p>[vc_row full_width=&#8221;stretch_row&#8221; width=&#8221;full&#8221; p_top=&#8221;0&#8243; p_bottom=&#8221;0&#8243; m_top=&#8221;0&#8243; m_bottom=&#8221;0&#8243; css=&#8221;.vc_custom_1481282743748{background-image: url(http:\/\/www.mueller-uebersetzungen.com\/wp-content\/uploads\/2016\/07\/tr.jpg?id=4981) !important;background-position: center !important;background-repeat: no-repeat !important;background-size: cover !important;}&#8221;]\n\t<div class=\"vc_col-sm-2 wpb_column \"  data-wow-delay=\"0ms\">\n\t\t<div class=\"wpb_wrapper\">\n\t\t\t\n\t\t<\/div> <!-- END .wpb_wrapper -->\n\t<\/div> <!-- END  wpb_column  -->\n\n\t<div class=\"vc_col-sm-8 wpb_column  wow animated fadeInDown vc_custom_1473083291014\"  data-wow-delay=\"500ms\" data-wow-iteration=\"1\" >\n\t\t<div class=\"wpb_wrapper\">\n\t\t\t[vc_column_text c_id=&#8221;.vc_1652958295461&#8243; h1_css=&#8221;font-weight:300;font-size:50px;line-height:50px;&#8221; h4_css=&#8221;font-weight:400;color:#666666;font-size:20px;line-height:32px;margin-top:20px;&#8221; h5_css=&#8221;font-weight:700;color:#225694;font-size:14px;text-transform:uppercase;&#8221;]<\/p>\n<h5 class=\"title-heading\" style=\"text-align: center; letter-spacing: 2px;\">PROFIEL<\/h5>\n<h1 class=\"title-heading\" style=\"text-align: center;\">Johannes Mueller<\/h1>\n<h4 style=\"text-align: center;\">Uw be\u00ebidigd vertaler en tolk voor de regio Merzig, Saarland en daarbuiten<\/h4>\n<p>[\/vc_column_text][vc_empty_space height=&#8221;40&#8243;]\n\t\t<\/div> <!-- END .wpb_wrapper -->\n\t<\/div> <!-- END  wpb_column  wow animated fadeInDown -->\n\n\t<div class=\"vc_col-sm-2 wpb_column \"  data-wow-delay=\"0ms\">\n\t\t<div class=\"wpb_wrapper\">\n\t\t\t\n\t\t<\/div> <!-- END .wpb_wrapper -->\n\t<\/div> <!-- END  wpb_column  -->\n\n\t<div class=\"vc_col-sm-4 wpb_column  wow animated fadeInUp vc_custom_1454150807350\"  data-wow-delay=\"500ms\" data-wow-iteration=\"1\" >\n\t\t<div class=\"wpb_wrapper\">\n\t\t\t[ivan_staff image_id=&#8221;5387&#8243; rounded_border=&#8221;yes&#8221; sep=&#8221;no&#8221; social_auto=&#8221;no&#8221; animation_iteration=&#8221;1&#8243; c_id=&#8221;.vc_1735907472696&#8243; title_css=&#8221;font-weight:400;font-size:25px;&#8221; job_css=&#8221;font-weight:700;color:#225694;font-size:13px;text-transform:uppercase;margin-top:10px;&#8221; desc_css=&#8221;margin-top:10px;&#8221; social_css=&#8221;color:#ebebeb;width:20px;color-hover:#e64835;background-color:#ffffff;background-color-hover:#ffffff;&#8221; name=&#8221;Johannes M\u00fcller&#8221; job_title=&#8221;CREATIVE DIRECTOR&#8221;][\/ivan_staff]\n\t\t<\/div> <!-- END .wpb_wrapper -->\n\t<\/div> <!-- END  wpb_column  wow animated fadeInUp -->\n\n\t<div class=\"vc_col-sm-8 wpb_column  wow animated fadeInUp vc_custom_1473083304619\"  data-wow-delay=\"800ms\" data-wow-iteration=\"1\" >\n\t\t<div class=\"wpb_wrapper\">\n\t\t\t[vc_column_text c_id=&#8221;.vc_1652958312133&#8243;]Ik ben Johannes M\u00fcller, gediplomeerd en be\u00ebidigd vertaler plus tolk uit het Duitse Merzig, gelegen in het noorden van het Saarland. Naast be\u00ebdigd vertalen ben ik gespecialiseerd in professionele vertalingen van financi\u00eble en technische aard. Ik werk vanuit het Nederlands en het Russisch naar het Duits.[\/vc_column_text][vc_column_text c_id=&#8221;.vc_1561390285304&#8243;]Al op jonge leeftijd had ik veel liefde voor taal. Zo volgde ik op de middelbare school met veel interesse Nederlands en Russisch, en wist ik na mijn schooltijd zeker dat ik van taal mijn beroep wilde maken, als vertaler.[\/vc_column_text][vc_column_text c_id=&#8221;.vc_1561390389355&#8243;]Aan de gerenommeerde <a href=\"https:\/\/www.uni-heidelberg.de\/\">Universiteit van Heidelberg<\/a> leerde ik alles wat een gediplomeerd vertaler Nederlands en Russisch moet weten. Als <a href=\"http:\/\/www.vu.nl\/en\/index.aspx\">Erasmusstudent<\/a> leerde ik tijdens mijn studie aan de Vrije Universiteit Amsterdam het Nederlands op hoog niveau beheersen. Daarnaast heb ik een semester aan de <a href=\"http:\/\/www.msu.ru\/en\/\">Staatsuniversiteit<\/a> van Moskou gestudeerd.[\/vc_column_text][vc_column_text c_id=&#8221;.vc_1561390432751&#8243;]Toen ik mijn studies eenmaal met succes had afgerond, begon mijn carri\u00e8re als zelfstandig vertaler. In 2003 heeft het gerechtshof van <a href=\"https:\/\/olgko.justiz.rlp.de\/de\/service-informationen\/beeidigte-dolmetscher-innen-und-ermaechtigte-uebersetzer-innen\/\" target=\"_blank\" rel=\"noopener noreferrer\">Koblenz<\/a> me voor Nederlands be\u00ebdigd. In 2009 heeft de arrondissementsrechtbank van <a href=\"https:\/\/www.justiz.bayern.de\/gerichte-und-behoerden\/landgericht\/bayreuth\/\" target=\"_blank\" rel=\"noopener noreferrer\">Bayreuth<\/a> datzelfde gedaan, maar dan voor Russisch.[\/vc_column_text][vc_column_text c_id=&#8221;.vc_1561390445471&#8243;]Sinds 1997 help ik particulieren, bedrijven, fabrikanten, overheidsorganen en vertaalbureaus de taalbarri\u00e8res tussen het Nederlands, Russisch en Duits te overwinnen. Het is daarbij altijd mijn doel om mensen bij elkaar te brengen, ongeacht de taalkloof die tussen ze in ligt.[\/vc_column_text]\n\t\t<\/div> <!-- END .wpb_wrapper -->\n\t<\/div> <!-- END  wpb_column  wow animated fadeInUp -->\n\n\t<div class=\"vc_col-sm-12 wpb_column \"  data-wow-delay=\"0ms\">\n\t\t<div class=\"wpb_wrapper\">\n\t\t\t[vc_empty_space height=&#8221;40&#8243;]\n\t\t<\/div> <!-- END .wpb_wrapper -->\n\t<\/div> <!-- END  wpb_column  -->\n[\/vc_row][vc_row width=&#8221;full&#8221; bg_color_row=&#8221;#1d2226&#8243; p_top=&#8221;120&#8243; p_bottom=&#8221;120&#8243; m_top=&#8221;0&#8243; m_bottom=&#8221;0&#8243;]\n\t<div class=\"vc_col-sm-4 wpb_column  wow animated fadeIn vc_custom_1454155882262\"  data-wow-delay=\"300ms\" data-wow-iteration=\"1\" >\n\t\t<div class=\"wpb_wrapper\">\n\t\t\t[vc_column_text c_id=&#8221;.vc_1652958498071&#8243; h3_css=&#8221;color:#ffffff;font-size:38px;line-height:36px;&#8221; h6_css=&#8221;color:#ffffff;margin-bottom:2px;&#8221; p_css=&#8221;color:#6d747f;font-size:16px;line-height:25px;&#8221; link_css=&#8221;font-weight:700;font-size:13px;&#8221; css=&#8221;.vc_custom_1652958498071{padding-top: 40px !important;padding-left: 40px !important;background-image: url(http:\/\/www.mueller-uebersetzungen.com\/wp-content\/uploads\/2014\/12\/about_01.png?id=3602) !important;background-position: 0 0 !important;background-repeat: no-repeat !important;}&#8221;]<\/p>\n<header class=\"section-title\">\n<h3>Een doorgewinterde vakspecialist<\/h3>\n<p>Ik beschik over 25 jaar aan ervaring en vertaal voor vertaalbureaus, particulieren, bedrijven, fabrikanten en overheidsorganen<\/p>\n<\/header>\n<p>[\/vc_column_text][vc_single_image image=&#8221;4686&#8243; img_size=&#8221;full&#8221; alignment=&#8221;center&#8221; css=&#8221;.vc_custom_1467719439878{padding-top: 20px !important;padding-left: 40px !important;}&#8221;]\n\t\t<\/div> <!-- END .wpb_wrapper -->\n\t<\/div> <!-- END  wpb_column  wow animated fadeIn -->\n\n\t<div class=\"vc_col-sm-4 wpb_column  wow animated fadeIn\"  data-wow-delay=\"600ms\" data-wow-iteration=\"1\" >\n\t\t<div class=\"wpb_wrapper\">\n\t\t\t[vc_column_text c_id=&#8221;.vc_1561390508728&#8243; h3_css=&#8221;color:#ffffff;font-size:38px;line-height:36px;&#8221; h6_css=&#8221;color:#ffffff;margin-bottom:2px;&#8221; p_css=&#8221;color:#6d747f;font-size:16px;line-height:25px;&#8221; link_css=&#8221;font-weight:700;font-size:13px;&#8221; css=&#8221;.vc_custom_1561390508728{padding-top: 40px !important;padding-left: 40px !important;background-image: url(http:\/\/www.mueller-uebersetzungen.com\/wp-content\/uploads\/2014\/12\/about_02.png?id=3603) !important;background-position: 0 0 !important;background-repeat: no-repeat !important;}&#8221;]<\/p>\n<header class=\"section-title\">\n<h3>De juiste kwalificaties<\/h3>\n<p><i class=\"fa fa-check\"><\/i> Ik ben van 1989 tot 1996 aan de Ruprecht-Karl-Universit\u00e4t in Heidelberg opgeleid tot gediplomeerd vertaler Nederlands en Russisch<\/p>\n<p><i class=\"fa fa-check\"><\/i> Ik heb van 1999 tot 2001 aan de IHK Regenburg een economische vervolgopleiding gedaan (ASW: Aufbaustudium Wirtschaft)<\/p>\n<p><i class=\"fa fa-check\"><\/i> Ik ben door het gerechtshof van Koblenz en de arrondissementsrechtbank van Bayreuth be\u00ebdigd voor Nederlands, Duits en Russisch<\/p>\n<\/header>\n<p>[\/vc_column_text]\n\t\t<\/div> <!-- END .wpb_wrapper -->\n\t<\/div> <!-- END  wpb_column  wow animated fadeIn -->\n\n\t<div class=\"vc_col-sm-4 wpb_column  wow animated fadeIn\"  data-wow-delay=\"900ms\" data-wow-iteration=\"1\" >\n\t\t<div class=\"wpb_wrapper\">\n\t\t\t[vc_row_inner]\n\t<div class=\"vc_col-sm-12 wpb_column \"  data-wow-delay=\"0ms\">\n\t\t<div class=\"wpb_wrapper\">\n\t\t\t[vc_column_text c_id=&#8221;.vc_1587110028450&#8243; h3_css=&#8221;color:#ffffff;font-size:38px;line-height:36px;&#8221; h6_css=&#8221;color:#ffffff;margin-bottom:2px;&#8221; p_css=&#8221;color:#6d747f;font-size:16px;line-height:25px;&#8221; link_css=&#8221;font-weight:700;font-size:13px;&#8221; css=&#8221;.vc_custom_1587110028449{padding-top: 40px !important;background-image: url(http:\/\/www.mueller-uebersetzungen.com\/wp-content\/uploads\/2014\/12\/about_03.png?id=3604) !important;background-position: 0 0 !important;background-repeat: no-repeat !important;}&#8221;]<\/p>\n<header class=\"section-title\">\n<h3>Een bevlogen vertaler en tolk<\/h3>\n<p><i class=\"fa fa-check\"><\/i> Ik ben gecertificeerd lid van de <a href=\"http:\/\/mitglieder.bdue.de\/Johannes-Mueller\">BD\u00dc<\/a>, een Duitse vereniging voor tolken en vertalers<\/p>\n<\/header>\n<p>[\/vc_column_text][vc_single_image image=&#8221;5201&#8243; img_size=&#8221;full&#8221; css=&#8221;.vc_custom_1558352076511{padding-top: 100px !important;}&#8221;]\n\t\t<\/div> <!-- END .wpb_wrapper -->\n\t<\/div> <!-- END  wpb_column  -->\n[\/vc_row_inner]\n\t\t<\/div> <!-- END .wpb_wrapper -->\n\t<\/div> <!-- END  wpb_column  wow animated fadeIn -->\n[\/vc_row][vc_row p_top=&#8221;110&#8243; p_bottom=&#8221;80&#8243; m_top=&#8221;0&#8243; m_bottom=&#8221;0&#8243;]\n\t<div class=\"vc_col-sm-2 wpb_column \"  data-wow-delay=\"0ms\">\n\t\t<div class=\"wpb_wrapper\">\n\t\t\t\n\t\t<\/div> <!-- END .wpb_wrapper -->\n\t<\/div> <!-- END  wpb_column  -->\n\n\t<div class=\"vc_col-sm-8 wpb_column \"  data-wow-delay=\"0ms\" data-wow-iteration=\"1\" >\n\t\t<div class=\"wpb_wrapper\">\n\t\t\t[vc_column_text c_id=&#8221;.vc_1559832069630&#8243; h1_css=&#8221;font-weight:300;font-size:50px;&#8221; h4_css=&#8221;font-weight:300;color:#999999;font-size:20px;line-height:32px;&#8221;]<\/p>\n<h1 class=\"title-heading\" style=\"text-align: center;\">Software<\/h1>\n<p>[\/vc_column_text][vc_empty_space height=&#8221;25&#8243;]\n\t\t<\/div> <!-- END .wpb_wrapper -->\n\t<\/div> <!-- END  wpb_column  -->\n\n\t<div class=\"vc_col-sm-2 wpb_column \"  data-wow-delay=\"0ms\">\n\t\t<div class=\"wpb_wrapper\">\n\t\t\t\n\t\t<\/div> <!-- END .wpb_wrapper -->\n\t<\/div> <!-- END  wpb_column  -->\n\n\t<div class=\"vc_col-sm-4 wpb_column  vc_custom_1460898924968\"  data-wow-delay=\"0ms\" data-wow-iteration=\"1\" >\n\t\t<div class=\"wpb_wrapper\">\n\t\t\t<div class=\"feature\" data-wow-delay=\"0ms\" data-wow-iteration=\"1\" ><div class=\"content\"><figure><img loading=\"lazy\" decoding=\"async\" width=\"180\" height=\"76\" src=\"https:\/\/www.mueller-uebersetzungen.com\/wp-content\/uploads\/2016\/07\/logo_across.jpg\" class=\"attachment-full size-full\" alt=\"\" \/><\/figure><h4>Across 8<\/h4><\/div><!-- \/content --><a href=\"http:\/\/www.my-across.net\/en\/\" title=\"button\" target=\"_self\" class=\"more\"><i class=\"fa fa-plus\"><\/i><\/a><\/div><!-- \/feature -->\n\t\t<\/div> <!-- END .wpb_wrapper -->\n\t<\/div> <!-- END  wpb_column  -->\n\n\t<div class=\"vc_col-sm-4 wpb_column  vc_custom_1460898951780\"  data-wow-delay=\"0ms\" data-wow-iteration=\"1\" >\n\t\t<div class=\"wpb_wrapper\">\n\t\t\t<div class=\"feature\" data-wow-delay=\"0ms\" data-wow-iteration=\"1\" ><div class=\"content\"><figure><img loading=\"lazy\" decoding=\"async\" width=\"150\" height=\"100\" src=\"https:\/\/www.mueller-uebersetzungen.com\/wp-content\/uploads\/2022\/05\/ich-arbeite-mit-trados-badge-rws_i-work-with-trados-badge-rws-150x100-cloud.png\" class=\"attachment-full size-full\" alt=\"\" \/><\/figure><h4><\/h4><\/div><!-- \/content --><a href=\"http:\/\/www.translationzone.com\" title=\"button\" target=\"_self\" class=\"more\"><i class=\"fa fa-plus\"><\/i><\/a><\/div><!-- \/feature -->\n\t\t<\/div> <!-- END .wpb_wrapper -->\n\t<\/div> <!-- END  wpb_column  -->\n\n\t<div class=\"vc_col-sm-4 wpb_column  vc_custom_1460898960724\"  data-wow-delay=\"0ms\" data-wow-iteration=\"1\" >\n\t\t<div class=\"wpb_wrapper\">\n\t\t\t<div class=\"feature\" data-wow-delay=\"0ms\" data-wow-iteration=\"1\" ><div class=\"content\"><figure><img loading=\"lazy\" decoding=\"async\" width=\"240\" height=\"69\" src=\"https:\/\/www.mueller-uebersetzungen.com\/wp-content\/uploads\/2016\/07\/memoqlogo2.jpg\" class=\"attachment-full size-full\" alt=\"\" \/><\/figure><h4>memoQ 10.10<\/h4><\/div><!-- \/content --><a href=\"https:\/\/www.memoq.com\" title=\"button\" target=\"_self\" class=\"more\"><i class=\"fa fa-plus\"><\/i><\/a><\/div><!-- \/feature -->\n\t\t<\/div> <!-- END .wpb_wrapper -->\n\t<\/div> <!-- END  wpb_column  -->\n[\/vc_row][vc_row full_width=&#8221;stretch_row&#8221; m_top=&#8221;0&#8243; m_bottom=&#8221;0&#8243; css=&#8221;.vc_custom_1467719562324{padding-top: 100px !important;padding-bottom: 100px !important;background-color: #f7f7f7 !important;}&#8221;]\n\t<div class=\"vc_col-sm-8 wpb_column \"  data-wow-delay=\"0ms\">\n\t\t<div class=\"wpb_wrapper\">\n\t\t\t[vc_column_text c_id=&#8221;.vc_1559832087853&#8243; h1_css=&#8221;font-weight:300;font-size:40px;&#8221; h4_css=&#8221;font-weight:300;color:#999999;font-size:20px;line-height:32px;&#8221;]<\/p>\n<h1>Meer informatie over samenwerken<\/h1>\n<p>[\/vc_column_text]\n\t\t<\/div> <!-- END .wpb_wrapper -->\n\t<\/div> <!-- END  wpb_column  -->\n\n\t<div class=\"vc_col-sm-4 wpb_column \"  data-wow-delay=\"0ms\">\n\t\t<div class=\"wpb_wrapper\">\n\t\t\t[ivan_button_alt link=&#8221;https:\/\/www.mueller-uebersetzungen.com\/nl\/diensten\/&#8221; animation_iteration=&#8221;1&#8243; c_id=&#8221;.vc_1559832103132&#8243; btn_css=&#8221;color-hover:#ffffff;background-color:#225694;background-color-hover:#e64835;&#8221; ico=&#8221;long-arrow-right&#8221;]DIENSTEN[\/ivan_button_alt]\n\t\t<\/div> <!-- END .wpb_wrapper -->\n\t<\/div> <!-- END  wpb_column  -->\n[\/vc_row]<\/p>\n","protected":false},"excerpt":{"rendered":"<p>[vc_row full_width=&#8221;stretch_row&#8221; width=&#8221;full&#8221; p_top=&#8221;0&#8243; p_bottom=&#8221;0&#8243; m_top=&#8221;0&#8243; m_bottom=&#8221;0&#8243; css=&#8221;.vc_custom_1481282743748{background-image: url(http:\/\/www.mueller-uebersetzungen.com\/wp-content\/uploads\/2016\/07\/tr.jpg?id=4981) !important;background-position: center !important;background-repeat: no-repeat !important;background-size: cover !important;}&#8221;][\/vc_row][vc_row width=&#8221;full&#8221; bg_color_row=&#8221;#1d2226&#8243; p_top=&#8221;120&#8243; p_bottom=&#8221;120&#8243; m_top=&#8221;0&#8243; m_bottom=&#8221;0&#8243;][\/vc_row][vc_row p_top=&#8221;110&#8243; p_bottom=&#8221;80&#8243; m_top=&#8221;0&#8243; m_bottom=&#8221;0&#8243;][\/vc_row][vc_row full_width=&#8221;stretch_row&#8221; m_top=&#8221;0&#8243; m_bottom=&#8221;0&#8243; css=&#8221;.vc_custom_1467719562324{padding-top: 100px !important;padding-bottom: 100px !important;background-color: #f7f7f7 !important;}&#8221;][\/vc_row]<\/p>\n","protected":false},"author":1,"featured_media":0,"parent":0,"menu_order":0,"comment_status":"closed","ping_status":"closed","template":"","meta":{"footnotes":""},"class_list":["post-5226","page","type-page","status-publish","hentry"],"yoast_head":"<!-- This site is optimized with the Yoast SEO plugin v24.1 - https:\/\/yoast.com\/wordpress\/plugins\/seo\/ -->\n<title>Ihr beeidigter Diplom-\u00dcbersetzer in Bayreuth<\/title>\n<meta name=\"description\" content=\"Beeidigter Diplom-\u00dcbersetzer in Bayreuth f\u00fcr Russisch, Niederl\u00e4ndisch und Deutsch spezialisiert auf beglaubigte, wirtschaftliche und technische \u00dcbersetzungen.\" \/>\n<meta name=\"robots\" content=\"index, follow, max-snippet:-1, max-image-preview:large, max-video-preview:-1\" \/>\n<link rel=\"canonical\" href=\"https:\/\/www.mueller-uebersetzungen.com\/nl\/profiel\/\" \/>\n<meta property=\"og:locale\" content=\"nl_NL\" \/>\n<meta property=\"og:type\" content=\"article\" \/>\n<meta property=\"og:title\" content=\"Ihr beeidigter Diplom-\u00dcbersetzer in Bayreuth\" \/>\n<meta property=\"og:description\" content=\"Beeidigter Diplom-\u00dcbersetzer in Bayreuth f\u00fcr Russisch, Niederl\u00e4ndisch und Deutsch spezialisiert auf beglaubigte, wirtschaftliche und technische \u00dcbersetzungen.\" \/>\n<meta property=\"og:url\" content=\"https:\/\/www.mueller-uebersetzungen.com\/nl\/profiel\/\" \/>\n<meta property=\"og:site_name\" content=\"Johannes Mueller\" \/>\n<meta property=\"article:modified_time\" content=\"2025-01-03T12:31:16+00:00\" \/>\n<meta name=\"twitter:card\" content=\"summary_large_image\" \/>\n<meta name=\"twitter:label1\" content=\"Geschatte leestijd\" \/>\n\t<meta name=\"twitter:data1\" content=\"4 minuten\" \/>\n<script type=\"application\/ld+json\" class=\"yoast-schema-graph\">{\"@context\":\"https:\/\/schema.org\",\"@graph\":[{\"@type\":\"WebPage\",\"@id\":\"https:\/\/www.mueller-uebersetzungen.com\/nl\/profiel\/\",\"url\":\"https:\/\/www.mueller-uebersetzungen.com\/nl\/profiel\/\",\"name\":\"Ihr beeidigter Diplom-\u00dcbersetzer in Bayreuth\",\"isPartOf\":{\"@id\":\"https:\/\/www.mueller-uebersetzungen.com\/#website\"},\"datePublished\":\"2016-07-05T10:30:22+00:00\",\"dateModified\":\"2025-01-03T12:31:16+00:00\",\"description\":\"Beeidigter Diplom-\u00dcbersetzer in Bayreuth f\u00fcr Russisch, Niederl\u00e4ndisch und Deutsch spezialisiert auf beglaubigte, wirtschaftliche und technische \u00dcbersetzungen.\",\"breadcrumb\":{\"@id\":\"https:\/\/www.mueller-uebersetzungen.com\/nl\/profiel\/#breadcrumb\"},\"inLanguage\":\"nl-NL\",\"potentialAction\":[{\"@type\":\"ReadAction\",\"target\":[\"https:\/\/www.mueller-uebersetzungen.com\/nl\/profiel\/\"]}]},{\"@type\":\"BreadcrumbList\",\"@id\":\"https:\/\/www.mueller-uebersetzungen.com\/nl\/profiel\/#breadcrumb\",\"itemListElement\":[{\"@type\":\"ListItem\",\"position\":1,\"name\":\"Home\",\"item\":\"https:\/\/www.mueller-uebersetzungen.com\/nl\/\"},{\"@type\":\"ListItem\",\"position\":2,\"name\":\"Profiel\"}]},{\"@type\":\"WebSite\",\"@id\":\"https:\/\/www.mueller-uebersetzungen.com\/#website\",\"url\":\"https:\/\/www.mueller-uebersetzungen.com\/\",\"name\":\"Johannes Mueller\",\"description\":\"M\u00fcller \u00dcbersetzungen\",\"potentialAction\":[{\"@type\":\"SearchAction\",\"target\":{\"@type\":\"EntryPoint\",\"urlTemplate\":\"https:\/\/www.mueller-uebersetzungen.com\/?s={search_term_string}\"},\"query-input\":{\"@type\":\"PropertyValueSpecification\",\"valueRequired\":true,\"valueName\":\"search_term_string\"}}],\"inLanguage\":\"nl-NL\"}]}<\/script>\n<!-- \/ Yoast SEO plugin. -->","yoast_head_json":{"title":"Ihr beeidigter Diplom-\u00dcbersetzer in Bayreuth","description":"Beeidigter Diplom-\u00dcbersetzer in Bayreuth f\u00fcr Russisch, Niederl\u00e4ndisch und Deutsch spezialisiert auf beglaubigte, wirtschaftliche und technische \u00dcbersetzungen.","robots":{"index":"index","follow":"follow","max-snippet":"max-snippet:-1","max-image-preview":"max-image-preview:large","max-video-preview":"max-video-preview:-1"},"canonical":"https:\/\/www.mueller-uebersetzungen.com\/nl\/profiel\/","og_locale":"nl_NL","og_type":"article","og_title":"Ihr beeidigter Diplom-\u00dcbersetzer in Bayreuth","og_description":"Beeidigter Diplom-\u00dcbersetzer in Bayreuth f\u00fcr Russisch, Niederl\u00e4ndisch und Deutsch spezialisiert auf beglaubigte, wirtschaftliche und technische \u00dcbersetzungen.","og_url":"https:\/\/www.mueller-uebersetzungen.com\/nl\/profiel\/","og_site_name":"Johannes Mueller","article_modified_time":"2025-01-03T12:31:16+00:00","twitter_card":"summary_large_image","twitter_misc":{"Geschatte leestijd":"4 minuten"},"schema":{"@context":"https:\/\/schema.org","@graph":[{"@type":"WebPage","@id":"https:\/\/www.mueller-uebersetzungen.com\/nl\/profiel\/","url":"https:\/\/www.mueller-uebersetzungen.com\/nl\/profiel\/","name":"Ihr beeidigter Diplom-\u00dcbersetzer in Bayreuth","isPartOf":{"@id":"https:\/\/www.mueller-uebersetzungen.com\/#website"},"datePublished":"2016-07-05T10:30:22+00:00","dateModified":"2025-01-03T12:31:16+00:00","description":"Beeidigter Diplom-\u00dcbersetzer in Bayreuth f\u00fcr Russisch, Niederl\u00e4ndisch und Deutsch spezialisiert auf beglaubigte, wirtschaftliche und technische \u00dcbersetzungen.","breadcrumb":{"@id":"https:\/\/www.mueller-uebersetzungen.com\/nl\/profiel\/#breadcrumb"},"inLanguage":"nl-NL","potentialAction":[{"@type":"ReadAction","target":["https:\/\/www.mueller-uebersetzungen.com\/nl\/profiel\/"]}]},{"@type":"BreadcrumbList","@id":"https:\/\/www.mueller-uebersetzungen.com\/nl\/profiel\/#breadcrumb","itemListElement":[{"@type":"ListItem","position":1,"name":"Home","item":"https:\/\/www.mueller-uebersetzungen.com\/nl\/"},{"@type":"ListItem","position":2,"name":"Profiel"}]},{"@type":"WebSite","@id":"https:\/\/www.mueller-uebersetzungen.com\/#website","url":"https:\/\/www.mueller-uebersetzungen.com\/","name":"Johannes Mueller","description":"M\u00fcller \u00dcbersetzungen","potentialAction":[{"@type":"SearchAction","target":{"@type":"EntryPoint","urlTemplate":"https:\/\/www.mueller-uebersetzungen.com\/?s={search_term_string}"},"query-input":{"@type":"PropertyValueSpecification","valueRequired":true,"valueName":"search_term_string"}}],"inLanguage":"nl-NL"}]}},"_links":{"self":[{"href":"https:\/\/www.mueller-uebersetzungen.com\/nl\/wp-json\/wp\/v2\/pages\/5226","targetHints":{"allow":["GET"]}}],"collection":[{"href":"https:\/\/www.mueller-uebersetzungen.com\/nl\/wp-json\/wp\/v2\/pages"}],"about":[{"href":"https:\/\/www.mueller-uebersetzungen.com\/nl\/wp-json\/wp\/v2\/types\/page"}],"author":[{"embeddable":true,"href":"https:\/\/www.mueller-uebersetzungen.com\/nl\/wp-json\/wp\/v2\/users\/1"}],"replies":[{"embeddable":true,"href":"https:\/\/www.mueller-uebersetzungen.com\/nl\/wp-json\/wp\/v2\/comments?post=5226"}],"version-history":[{"count":13,"href":"https:\/\/www.mueller-uebersetzungen.com\/nl\/wp-json\/wp\/v2\/pages\/5226\/revisions"}],"predecessor-version":[{"id":5396,"href":"https:\/\/www.mueller-uebersetzungen.com\/nl\/wp-json\/wp\/v2\/pages\/5226\/revisions\/5396"}],"wp:attachment":[{"href":"https:\/\/www.mueller-uebersetzungen.com\/nl\/wp-json\/wp\/v2\/media?parent=5226"}],"curies":[{"name":"wp","href":"https:\/\/api.w.org\/{rel}","templated":true}]}}